{"id":86,"date":"2020-03-23T11:30:41","date_gmt":"2020-03-23T11:30:41","guid":{"rendered":"https:\/\/demosites.io\/rokophoto-gb\/?page_id=86"},"modified":"2025-07-23T08:57:29","modified_gmt":"2025-07-23T07:57:29","slug":"98ee9-home","status":"publish","type":"page","link":"https:\/\/adsl.no\/","title":{"rendered":"HJEM"},"content":{"rendered":"\n<div id=\"wp-block-themeisle-blocks-advanced-columns-427f53fe\" class=\"wp-block-themeisle-blocks-advanced-columns alignfull has-1-columns has-desktop-equal-layout has-tablet-equal-layout has-mobile-equal-layout has-vertical-unset\"><div class=\"wp-block-themeisle-blocks-advanced-columns-overlay\"><\/div><div class=\"innerblocks-wrap\">\n<div id=\"wp-block-themeisle-blocks-advanced-column-e917b60f\" class=\"wp-block-themeisle-blocks-advanced-column\">\n<h1 id=\"wp-block-themeisle-blocks-advanced-heading-bbb96e2e\" class=\"wp-block-themeisle-blocks-advanced-heading wp-block-themeisle-blocks-advanced-heading-bbb96e2e\">Kobbernettet er LAGT ned<\/h1>\n\n\n\n<p class=\"has-text-align-center has-white-color has-text-color\" style=\"font-size:27px\"><\/p>\n\n\n\n<div style=\"height:20px\" aria-hidden=\"true\" class=\"wp-block-spacer\"><\/div>\n<\/div>\n<\/div><\/div>\n\n\n\n<div id=\"wp-block-themeisle-blocks-advanced-columns-62386cc2\" class=\"wp-block-themeisle-blocks-advanced-columns has-1-columns has-desktop-equal-layout has-tablet-equal-layout has-mobile-equal-layout has-vertical-unset\"><div class=\"wp-block-themeisle-blocks-advanced-columns-overlay\"><\/div><div class=\"innerblocks-wrap\">\n<div id=\"wp-block-themeisle-blocks-advanced-column-bc41f929\" class=\"wp-block-themeisle-blocks-advanced-column\">\n<h2 id=\"wp-block-themeisle-blocks-advanced-heading-bc36dd7f\" class=\"wp-block-themeisle-blocks-advanced-heading wp-block-themeisle-blocks-advanced-heading-bc36dd7f\"><\/h2>\n\n\n\n<p id=\"wp-block-themeisle-blocks-advanced-heading-e8f021f5\" class=\"wp-block-themeisle-blocks-advanced-heading wp-block-themeisle-blocks-advanced-heading-e8f021f5\"><em><strong>Kobbernettet i Norge ble besluttet nedlagt fra 31.12.2022. <\/strong><\/em><br><br>Kobbernettet er blitt over 100 \u00e5r gammelt. Nettet har levert telefoni, og de siste 20 \u00e5rene ogs\u00e5 bredb\u00e5nd. Nettet kan imidlertid ikke lenger levere den hastigheten eller kvaliteten som er n\u00f8dvendig, og er i tillegg s\u00e5rbart for feil.  Nettet legges derfor ned og erstattes av nye og moderne l\u00f8sninger. <\/p>\n<\/div>\n<\/div><\/div>\n\n\n\n<div id=\"wp-block-themeisle-blocks-advanced-columns-b34064a4\" class=\"wp-block-themeisle-blocks-advanced-columns has-2-columns has-desktop-equal-layout has-tablet-equal-layout has-mobile-collapsedRows-layout has-vertical-center\"><div class=\"wp-block-themeisle-blocks-advanced-columns-overlay\"><\/div><div class=\"innerblocks-wrap\">\n<div id=\"wp-block-themeisle-blocks-advanced-column-8d991ecf\" class=\"wp-block-themeisle-blocks-advanced-column\">\n<h3 id=\"wp-block-themeisle-blocks-advanced-heading-dfc1edf4\" class=\"wp-block-themeisle-blocks-advanced-heading wp-block-themeisle-blocks-advanced-heading-dfc1edf4\">BYTTET TIL FIBER?<\/h3>\n\n\n\n<p>Fiberbasert bredb\u00e5nd har vist seg \u00e5 v\u00e6re den mest stabile teknologien over tid. Har du g\u00e5tt fra xDSL til andre ting enn fiber anbefaler vi deg \u00e5 bytte til fiber!<\/p>\n\n\n\n<p>Vi anbefaler \u00e5 bytte til fiber fra<br><\/p>\n\n\n\n<div style=\"height:20px\" aria-hidden=\"true\" class=\"wp-block-spacer\"><\/div>\n<\/div>\n\n\n\n<div id=\"wp-block-themeisle-blocks-advanced-column-660c22c1\" class=\"wp-block-themeisle-blocks-advanced-column\">\n<figure class=\"wp-block-image size-large\"><img loading=\"lazy\" decoding=\"async\" width=\"800\" height=\"571\" src=\"https:\/\/adsl.no\/wp-content\/uploads\/2020\/06\/risk-taker.jpg\" alt=\"\" class=\"wp-image-172\" srcset=\"https:\/\/adsl.no\/wp-content\/uploads\/2020\/06\/risk-taker.jpg 800w, https:\/\/adsl.no\/wp-content\/uploads\/2020\/06\/risk-taker-300x214.jpg 300w, https:\/\/adsl.no\/wp-content\/uploads\/2020\/06\/risk-taker-768x548.jpg 768w\" sizes=\"auto, (max-width: 800px) 100vw, 800px\" \/><\/figure>\n<\/div>\n<\/div><\/div>\n\n\n\n<div class=\"wp-block-group\"><div class=\"wp-block-group__inner-container is-layout-flow wp-block-group-is-layout-flow\"><\/div><\/div>\n\n\n\n<p><\/p>\n\n\n\n<div class=\"wp-block-group\"><div class=\"wp-block-group__inner-container is-layout-flow wp-block-group-is-layout-flow\"><div class=\"wp-block-image\">\n<figure class=\"aligncenter size-large is-resized\"><a href=\"https:\/\/alesundfiber.no\"><img decoding=\"async\" src=\"https:\/\/alesundfiber.no\/wp-content\/uploads\/2017\/11\/logoFinal-RGB.png?fit=385%2C72&amp;ssl=1\" alt=\"\" style=\"width:385px;height:72px\"\/><\/a><\/figure>\n<\/div><\/div><\/div>\n\n\n\n<p><\/p>\n\n\n\n<div id=\"wp-block-themeisle-blocks-advanced-columns-62aa63f0\" class=\"wp-block-themeisle-blocks-advanced-columns has-1-columns has-desktop-equal-layout has-tablet-equal-layout has-mobile-equal-layout has-vertical-unset has-dark-bg\"><div class=\"wp-block-themeisle-blocks-advanced-columns-overlay\"><\/div><div class=\"innerblocks-wrap\">\n<div id=\"wp-block-themeisle-blocks-advanced-column-26c10f4c\" class=\"wp-block-themeisle-blocks-advanced-column\"><\/div>\n<\/div><\/div>\n","protected":false},"excerpt":{"rendered":"","protected":false},"author":1,"featured_media":0,"parent":0,"menu_order":0,"comment_status":"closed","ping_status":"closed","template":"page-templates\/template-pagebuilder-full-width.php","meta":{"neve_meta_sidebar":"full-width","neve_meta_container":"","neve_meta_enable_content_width":"on","neve_meta_content_width":100,"neve_meta_title_alignment":"","neve_meta_author_avatar":"","neve_post_elements_order":"","neve_meta_disable_header":"","neve_meta_disable_footer":"","neve_meta_disable_title":"","_themeisle_gutenberg_block_has_review":false,"footnotes":""},"class_list":["post-86","page","type-page","status-publish","hentry"],"_links":{"self":[{"href":"https:\/\/adsl.no\/index.php?rest_route=\/wp\/v2\/pages\/86","targetHints":{"allow":["GET"]}}],"collection":[{"href":"https:\/\/adsl.no\/index.php?rest_route=\/wp\/v2\/pages"}],"about":[{"href":"https:\/\/adsl.no\/index.php?rest_route=\/wp\/v2\/types\/page"}],"author":[{"embeddable":true,"href":"https:\/\/adsl.no\/index.php?rest_route=\/wp\/v2\/users\/1"}],"replies":[{"embeddable":true,"href":"https:\/\/adsl.no\/index.php?rest_route=%2Fwp%2Fv2%2Fcomments&post=86"}],"version-history":[{"count":33,"href":"https:\/\/adsl.no\/index.php?rest_route=\/wp\/v2\/pages\/86\/revisions"}],"predecessor-version":[{"id":233,"href":"https:\/\/adsl.no\/index.php?rest_route=\/wp\/v2\/pages\/86\/revisions\/233"}],"wp:attachment":[{"href":"https:\/\/adsl.no\/index.php?rest_route=%2Fwp%2Fv2%2Fmedia&parent=86"}],"curies":[{"name":"wp","href":"https:\/\/api.w.org\/{rel}","templated":true}]}}